{"id":125,"date":"2023-07-25T09:42:14","date_gmt":"2023-07-25T07:42:14","guid":{"rendered":"https:\/\/cs-lagarde.fr\/?page_id=125"},"modified":"2025-03-25T18:07:35","modified_gmt":"2025-03-25T17:07:35","slug":"jeunesse","status":"publish","type":"page","link":"https:\/\/cs-lagarde.fr\/?page_id=125","title":{"rendered":"Jeunesse"},"content":{"rendered":"\n<p>Au centre social la Garde, la jeunesse a son propre espace au 37- 41 avenue Fran\u00e7ois Mignet 13013 Marseille). Cet espace est un lieu d\u2019animation de pr\u00e9vention de proximit\u00e9, ouvert du lundi au vendredi de 9h \u00e0 12h et de 14h \u00e0 19h.<\/p>\n\n\n\n<p>L\u2019Espace jeunes est identifi\u00e9 sur le territoire comme un point de rencontre des jeunes et de leurs parents, un lieu convivial, d\u2019\u00e9change, d\u2019accueil et d\u2019activit\u00e9s \u00e0 d\u00e9marche participative.<\/p>\n\n\n\n<p>Deux animateurs permanents (un coordinateur jeunesse et un animateur de pr\u00e9vention) mettent en \u0153uvre le projet jeunesse du Centre Social de mani\u00e8re \u00e0 ce qu&rsquo;il r\u00e9ponde aux attentes de chacun qui pilote un projet jeunesse r\u00e9pondant aux attentes de chacun. Les animateurs sont second\u00e9s selon les<br>besoins par des animateurs vacataires, des b\u00e9n\u00e9voles, des partenaires et des prestataires impliqu\u00e9s, soutenant les valeurs de la structure.<\/p>\n\n\n\n<p>Le secteur jeunes propose, chaque ann\u00e9e, des projets autour de diverses th\u00e9matiques comme l\u2019engagement, la citoyennet\u00e9, l\u2019environnement, la pr\u00e9vention \u00e0 la sant\u00e9 etc. suivant les besoins et attentes des jeunes et de leur famille ainsi que vis-\u00e0-vis des objectifs p\u00e9dagogiques pr\u00e9alablement fix\u00e9s :<\/p>\n\n\n\n<ul class=\"wp-block-list\">\n<li>   Aide aux devoirs coll\u00e8ge,<\/li>\n\n\n\n<li>\u00ab&nbsp;Place aux jeunes \u00ab\u00a0d\u00e9bat autour de divers sujets d\u2019actualit\u00e9\u00a0\u00bb<\/li>\n\n\n\n<li>Cr\u00e9ation d\u2019\u00e9v\u00e8nements avec les jeunes ;<\/li>\n\n\n\n<li>Accompagnement du collectif jeunes \u00ab\u00a0I Have a Dream\u00a0\u00bb ;<\/li>\n\n\n\n<li>Initiation \u00e0 divers sports (basket, boxe etc.) ;<\/li>\n\n\n\n<li>Centre de loisirs ados les mercredis ;<\/li>\n<\/ul>\n\n\n\n<p>Pur plus d\u2019informations n\u2019h\u00e9sitez pas \u00e0 nous contacter\u00a0: Houari BELKHOUANE (Animateur Pr\u00e9vention Jeunesse) 07.69.41.73.70 ou Samcidine DIALLO (Coordinateur Jeunesse) 07.82.75.27.52<br>E-mail\u00a0:<em> <a href=\"mailto:secteur.jeunes@cs-lagarde.fr\" title=\"\">secteur.jeunes@cs-lagarde.fr<\/a><\/em><\/p>\n\n\n\n<figure class=\"wp-block-gallery has-nested-images columns-default is-cropped wp-block-gallery-1 is-layout-flex wp-block-gallery-is-layout-flex\">\n<figure class=\"wp-block-image size-large\"><img fetchpriority=\"high\" decoding=\"async\" width=\"1024\" height=\"768\" data-id=\"539\" src=\"http:\/\/cs-lagarde.fr\/wp-content\/uploads\/2023\/09\/38d9d58a-8071-4f98-847c-15532d95b849-1024x768.jpg\" alt=\"\" class=\"wp-image-539\" srcset=\"https:\/\/cs-lagarde.fr\/wp-content\/uploads\/2023\/09\/38d9d58a-8071-4f98-847c-15532d95b849-1024x768.jpg 1024w, https:\/\/cs-lagarde.fr\/wp-content\/uploads\/2023\/09\/38d9d58a-8071-4f98-847c-15532d95b849-300x225.jpg 300w, https:\/\/cs-lagarde.fr\/wp-content\/uploads\/2023\/09\/38d9d58a-8071-4f98-847c-15532d95b849-768x576.jpg 768w, https:\/\/cs-lagarde.fr\/wp-content\/uploads\/2023\/09\/38d9d58a-8071-4f98-847c-15532d95b849-1536x1152.jpg 1536w, https:\/\/cs-lagarde.fr\/wp-content\/uploads\/2023\/09\/38d9d58a-8071-4f98-847c-15532d95b849.jpg 1600w\" sizes=\"(max-width: 1024px) 100vw, 1024px\" \/><\/figure>\n\n\n\n<figure class=\"wp-block-image size-large\"><img decoding=\"async\" width=\"1024\" height=\"768\" data-id=\"536\" src=\"https:\/\/cs-lagarde.fr\/wp-content\/uploads\/2023\/09\/thumbnail_IMG_0933-1024x768.jpg\" alt=\"\" class=\"wp-image-536\" srcset=\"https:\/\/cs-lagarde.fr\/wp-content\/uploads\/2023\/09\/thumbnail_IMG_0933-1024x768.jpg 1024w, https:\/\/cs-lagarde.fr\/wp-content\/uploads\/2023\/09\/thumbnail_IMG_0933-300x225.jpg 300w, https:\/\/cs-lagarde.fr\/wp-content\/uploads\/2023\/09\/thumbnail_IMG_0933-768x576.jpg 768w, https:\/\/cs-lagarde.fr\/wp-content\/uploads\/2023\/09\/thumbnail_IMG_0933-1536x1152.jpg 1536w, https:\/\/cs-lagarde.fr\/wp-content\/uploads\/2023\/09\/thumbnail_IMG_0933.jpg 1920w\" sizes=\"(max-width: 1024px) 100vw, 1024px\" \/><\/figure>\n\n\n\n<figure class=\"wp-block-image size-large\"><img decoding=\"async\" width=\"768\" height=\"1024\" data-id=\"537\" src=\"https:\/\/cs-lagarde.fr\/wp-content\/uploads\/2023\/09\/c50dba7f-1fe2-4232-bbe7-783a5f4fab35-768x1024.jpg\" alt=\"\" class=\"wp-image-537\" srcset=\"https:\/\/cs-lagarde.fr\/wp-content\/uploads\/2023\/09\/c50dba7f-1fe2-4232-bbe7-783a5f4fab35-768x1024.jpg 768w, https:\/\/cs-lagarde.fr\/wp-content\/uploads\/2023\/09\/c50dba7f-1fe2-4232-bbe7-783a5f4fab35-225x300.jpg 225w, https:\/\/cs-lagarde.fr\/wp-content\/uploads\/2023\/09\/c50dba7f-1fe2-4232-bbe7-783a5f4fab35-1152x1536.jpg 1152w, https:\/\/cs-lagarde.fr\/wp-content\/uploads\/2023\/09\/c50dba7f-1fe2-4232-bbe7-783a5f4fab35.jpg 1200w\" sizes=\"(max-width: 768px) 100vw, 768px\" \/><\/figure>\n\n\n\n<figure class=\"wp-block-image size-large\"><img loading=\"lazy\" decoding=\"async\" width=\"768\" height=\"1024\" data-id=\"534\" src=\"https:\/\/cs-lagarde.fr\/wp-content\/uploads\/2023\/09\/thumbnail_IMG_4735-768x1024.jpg\" alt=\"\" class=\"wp-image-534\" srcset=\"https:\/\/cs-lagarde.fr\/wp-content\/uploads\/2023\/09\/thumbnail_IMG_4735-768x1024.jpg 768w, https:\/\/cs-lagarde.fr\/wp-content\/uploads\/2023\/09\/thumbnail_IMG_4735-225x300.jpg 225w, https:\/\/cs-lagarde.fr\/wp-content\/uploads\/2023\/09\/thumbnail_IMG_4735-1152x1536.jpg 1152w, https:\/\/cs-lagarde.fr\/wp-content\/uploads\/2023\/09\/thumbnail_IMG_4735.jpg 1440w\" sizes=\"(max-width: 768px) 100vw, 768px\" \/><\/figure>\n\n\n\n<figure class=\"wp-block-image size-large\"><img loading=\"lazy\" decoding=\"async\" width=\"1024\" height=\"768\" data-id=\"538\" src=\"https:\/\/cs-lagarde.fr\/wp-content\/uploads\/2023\/09\/d3ca95ff-f7b5-442c-a17d-dcffa11a0ff7.jpg\" alt=\"\" class=\"wp-image-538\" srcset=\"https:\/\/cs-lagarde.fr\/wp-content\/uploads\/2023\/09\/d3ca95ff-f7b5-442c-a17d-dcffa11a0ff7.jpg 1024w, https:\/\/cs-lagarde.fr\/wp-content\/uploads\/2023\/09\/d3ca95ff-f7b5-442c-a17d-dcffa11a0ff7-300x225.jpg 300w, https:\/\/cs-lagarde.fr\/wp-content\/uploads\/2023\/09\/d3ca95ff-f7b5-442c-a17d-dcffa11a0ff7-768x576.jpg 768w\" sizes=\"(max-width: 1024px) 100vw, 1024px\" \/><\/figure>\n\n\n\n<figure class=\"wp-block-image size-large\"><img loading=\"lazy\" decoding=\"async\" width=\"768\" height=\"1024\" data-id=\"533\" src=\"https:\/\/cs-lagarde.fr\/wp-content\/uploads\/2023\/09\/30a44fa0-5231-4eaa-8124-6508d3c8fcde-768x1024.jpg\" alt=\"\" class=\"wp-image-533\" srcset=\"https:\/\/cs-lagarde.fr\/wp-content\/uploads\/2023\/09\/30a44fa0-5231-4eaa-8124-6508d3c8fcde-768x1024.jpg 768w, https:\/\/cs-lagarde.fr\/wp-content\/uploads\/2023\/09\/30a44fa0-5231-4eaa-8124-6508d3c8fcde-225x300.jpg 225w, https:\/\/cs-lagarde.fr\/wp-content\/uploads\/2023\/09\/30a44fa0-5231-4eaa-8124-6508d3c8fcde-1152x1536.jpg 1152w, https:\/\/cs-lagarde.fr\/wp-content\/uploads\/2023\/09\/30a44fa0-5231-4eaa-8124-6508d3c8fcde.jpg 1200w\" sizes=\"(max-width: 768px) 100vw, 768px\" \/><\/figure>\n\n\n\n<figure class=\"wp-block-image size-large\"><img loading=\"lazy\" decoding=\"async\" width=\"1024\" height=\"768\" data-id=\"535\" src=\"http:\/\/cs-lagarde.fr\/wp-content\/uploads\/2023\/09\/thumbnail_IMG_4749-1024x768.jpg\" alt=\"\" class=\"wp-image-535\" srcset=\"https:\/\/cs-lagarde.fr\/wp-content\/uploads\/2023\/09\/thumbnail_IMG_4749-1024x768.jpg 1024w, https:\/\/cs-lagarde.fr\/wp-content\/uploads\/2023\/09\/thumbnail_IMG_4749-300x225.jpg 300w, https:\/\/cs-lagarde.fr\/wp-content\/uploads\/2023\/09\/thumbnail_IMG_4749-768x576.jpg 768w, https:\/\/cs-lagarde.fr\/wp-content\/uploads\/2023\/09\/thumbnail_IMG_4749-1536x1152.jpg 1536w, https:\/\/cs-lagarde.fr\/wp-content\/uploads\/2023\/09\/thumbnail_IMG_4749.jpg 1920w\" sizes=\"(max-width: 1024px) 100vw, 1024px\" \/><\/figure>\n<\/figure>\n","protected":false},"excerpt":{"rendered":"<p>Description de la page<\/p>\n","protected":false},"author":1,"featured_media":536,"parent":0,"menu_order":0,"comment_status":"closed","ping_status":"closed","template":"","meta":{"_monsterinsights_skip_tracking":false,"_monsterinsights_sitenote_active":false,"_monsterinsights_sitenote_note":"","_monsterinsights_sitenote_category":0,"_themeisle_gutenberg_block_has_review":false,"footnotes":""},"class_list":["post-125","page","type-page","status-publish","has-post-thumbnail","hentry"],"aioseo_notices":[],"_links":{"self":[{"href":"https:\/\/cs-lagarde.fr\/index.php?rest_route=\/wp\/v2\/pages\/125","targetHints":{"allow":["GET"]}}],"collection":[{"href":"https:\/\/cs-lagarde.fr\/index.php?rest_route=\/wp\/v2\/pages"}],"about":[{"href":"https:\/\/cs-lagarde.fr\/index.php?rest_route=\/wp\/v2\/types\/page"}],"author":[{"embeddable":true,"href":"https:\/\/cs-lagarde.fr\/index.php?rest_route=\/wp\/v2\/users\/1"}],"replies":[{"embeddable":true,"href":"https:\/\/cs-lagarde.fr\/index.php?rest_route=%2Fwp%2Fv2%2Fcomments&post=125"}],"version-history":[{"count":7,"href":"https:\/\/cs-lagarde.fr\/index.php?rest_route=\/wp\/v2\/pages\/125\/revisions"}],"predecessor-version":[{"id":1247,"href":"https:\/\/cs-lagarde.fr\/index.php?rest_route=\/wp\/v2\/pages\/125\/revisions\/1247"}],"wp:featuredmedia":[{"embeddable":true,"href":"https:\/\/cs-lagarde.fr\/index.php?rest_route=\/wp\/v2\/media\/536"}],"wp:attachment":[{"href":"https:\/\/cs-lagarde.fr\/index.php?rest_route=%2Fwp%2Fv2%2Fmedia&parent=125"}],"curies":[{"name":"wp","href":"https:\/\/api.w.org\/{rel}","templated":true}]}}