{"id":122,"date":"2023-07-25T09:40:45","date_gmt":"2023-07-25T07:40:45","guid":{"rendered":"https:\/\/cs-lagarde.fr\/?page_id=122"},"modified":"2025-03-25T17:58:32","modified_gmt":"2025-03-25T16:58:32","slug":"famille","status":"publish","type":"page","link":"https:\/\/cs-lagarde.fr\/?page_id=122","title":{"rendered":"Famille"},"content":{"rendered":"\n<p class=\"has-medium-font-size\">L\u2019animation du secteur famille est au c\u0153ur du projet social du Centre Social La Garde. Depuis plus de 30 ans, une \u00e9quipe de professionnelles est investie pour accueillir les parents dans leurs diversit\u00e9s \u00e9ducatives et les accompagner dans leurs fonctions parentales. La coordinatrice Enfance\/Famille porte un projet qui, outre les \u00e9l\u00e9ments mentionn\u00e9s plus hauts, participe \u00e0 apaiser les tensions sociales et familiales tout en ouvrant des espaces de r\u00e9flexion collectives. Une attention particuli\u00e8re est apport\u00e9e aux actions interg\u00e9n\u00e9rationnelles et \u00e0 destination des seniors Lutter contre leur isolement, travailler de concert avec eux \u00e0 maintenir leur autonomie et \u00e0 am\u00e9liorer leur quotidien. Une commission famille se r\u00e9unit r\u00e9guli\u00e8rement pour \u00e9changer sur des sujets d\u2019actualit\u00e9 mais aussi pour cr\u00e9er des projets. Elle est en lien r\u00e9gulier avec le Conseil d\u2019Administration du centre social.<\/p>\n\n\n\n<p class=\"has-medium-font-size\"><strong>Plusieurs actions sont propos\u00e9es chaque ann\u00e9e&nbsp;:<\/strong><\/p>\n\n\n\n<p class=\"has-medium-font-size\">&#8211; Caf\u00e9 de la famille tous les lundis matins de 9 h \u00e0 11h<\/p>\n\n\n\n<p class=\"has-medium-font-size\">&#8211; Avant\/Apr\u00e8s b\u00e9b\u00e9 tous les mardis de 9h \u00e0 11h<\/p>\n\n\n\n<p class=\"has-medium-font-size\">&#8211; Le Petit Pas (Lieu Accueil Parents-Enfants) tous les vendredis de 14h \u00e0 17h<\/p>\n\n\n\n<p class=\"has-medium-font-size\">&#8211; Les r\u00e9seaux d\u2019\u00e9change de savoir un jeudi sur deux de 14h \u00e0 17h<\/p>\n\n\n\n<p class=\"has-medium-font-size\">&#8211; Des aides aux projets vacances et des s\u00e9jours parents\/enfants&nbsp;;<\/p>\n\n\n\n<p class=\"has-medium-font-size\">&#8211; Des sorties familles tout au long de l\u2019ann\u00e9e (culturelles, ludiques etc.)<\/p>\n\n\n\n<p class=\"has-medium-font-size\">&#8211; Un jardin partag\u00e9<\/p>\n\n\n\n<p><\/p>\n\n\n\n<p class=\"has-medium-font-size\"><strong>Pour plus d\u2019informations&nbsp;:<\/strong><\/p>\n\n\n\n<p class=\"has-medium-font-size\"><em>Contact :<\/em>\u00a0RICCIARDI Brigitte,\u00a0<a href=\"mailto:secteurfamillelagarde@numericable.fr\">secteurfamillelagarde@numericable.fr<\/a><\/p>\n\n\n\n<figure class=\"wp-block-gallery has-nested-images columns-default is-cropped wp-block-gallery-1 is-layout-flex wp-block-gallery-is-layout-flex\">\n<figure class=\"wp-block-image size-large\"><img fetchpriority=\"high\" decoding=\"async\" width=\"1024\" height=\"683\" data-id=\"428\" src=\"https:\/\/cs-lagarde.fr\/wp-content\/uploads\/2023\/08\/R-54-1024x683.jpg\" alt=\"\" class=\"wp-image-428\" srcset=\"https:\/\/cs-lagarde.fr\/wp-content\/uploads\/2023\/08\/R-54-1024x683.jpg 1024w, https:\/\/cs-lagarde.fr\/wp-content\/uploads\/2023\/08\/R-54-300x200.jpg 300w, https:\/\/cs-lagarde.fr\/wp-content\/uploads\/2023\/08\/R-54-768x512.jpg 768w, https:\/\/cs-lagarde.fr\/wp-content\/uploads\/2023\/08\/R-54-1536x1024.jpg 1536w, https:\/\/cs-lagarde.fr\/wp-content\/uploads\/2023\/08\/R-54-2048x1365.jpg 2048w\" sizes=\"(max-width: 1024px) 100vw, 1024px\" \/><\/figure>\n\n\n\n<figure class=\"wp-block-image size-large\"><img decoding=\"async\" width=\"960\" height=\"720\" data-id=\"424\" src=\"https:\/\/cs-lagarde.fr\/wp-content\/uploads\/2023\/08\/R-68.jpeg\" alt=\"\" class=\"wp-image-424\" srcset=\"https:\/\/cs-lagarde.fr\/wp-content\/uploads\/2023\/08\/R-68.jpeg 960w, https:\/\/cs-lagarde.fr\/wp-content\/uploads\/2023\/08\/R-68-300x225.jpeg 300w, https:\/\/cs-lagarde.fr\/wp-content\/uploads\/2023\/08\/R-68-768x576.jpeg 768w\" sizes=\"(max-width: 960px) 100vw, 960px\" \/><\/figure>\n\n\n\n<figure class=\"wp-block-image size-large\"><img decoding=\"async\" width=\"1024\" height=\"683\" data-id=\"429\" src=\"https:\/\/cs-lagarde.fr\/wp-content\/uploads\/2023\/08\/R-91-1024x683.jpg\" alt=\"\" class=\"wp-image-429\" srcset=\"https:\/\/cs-lagarde.fr\/wp-content\/uploads\/2023\/08\/R-91-1024x683.jpg 1024w, https:\/\/cs-lagarde.fr\/wp-content\/uploads\/2023\/08\/R-91-300x200.jpg 300w, https:\/\/cs-lagarde.fr\/wp-content\/uploads\/2023\/08\/R-91-768x512.jpg 768w, https:\/\/cs-lagarde.fr\/wp-content\/uploads\/2023\/08\/R-91-1536x1024.jpg 1536w, https:\/\/cs-lagarde.fr\/wp-content\/uploads\/2023\/08\/R-91-2048x1365.jpg 2048w\" sizes=\"(max-width: 1024px) 100vw, 1024px\" \/><\/figure>\n\n\n\n<figure class=\"wp-block-image size-large\"><img loading=\"lazy\" decoding=\"async\" width=\"768\" height=\"1024\" data-id=\"425\" src=\"https:\/\/cs-lagarde.fr\/wp-content\/uploads\/2023\/08\/R-109.jpg\" alt=\"\" class=\"wp-image-425\" srcset=\"https:\/\/cs-lagarde.fr\/wp-content\/uploads\/2023\/08\/R-109.jpg 768w, https:\/\/cs-lagarde.fr\/wp-content\/uploads\/2023\/08\/R-109-225x300.jpg 225w\" sizes=\"(max-width: 768px) 100vw, 768px\" \/><\/figure>\n\n\n\n<figure class=\"wp-block-image size-large\"><img loading=\"lazy\" decoding=\"async\" width=\"1024\" height=\"768\" data-id=\"427\" src=\"https:\/\/cs-lagarde.fr\/wp-content\/uploads\/2023\/08\/R-137-1024x768.jpeg\" alt=\"\" class=\"wp-image-427\" srcset=\"https:\/\/cs-lagarde.fr\/wp-content\/uploads\/2023\/08\/R-137-1024x768.jpeg 1024w, https:\/\/cs-lagarde.fr\/wp-content\/uploads\/2023\/08\/R-137-300x225.jpeg 300w, https:\/\/cs-lagarde.fr\/wp-content\/uploads\/2023\/08\/R-137-768x576.jpeg 768w, https:\/\/cs-lagarde.fr\/wp-content\/uploads\/2023\/08\/R-137-1536x1152.jpeg 1536w, https:\/\/cs-lagarde.fr\/wp-content\/uploads\/2023\/08\/R-137-2048x1536.jpeg 2048w\" sizes=\"(max-width: 1024px) 100vw, 1024px\" \/><\/figure>\n\n\n\n<figure class=\"wp-block-image size-large\"><img loading=\"lazy\" decoding=\"async\" width=\"1024\" height=\"768\" data-id=\"426\" src=\"https:\/\/cs-lagarde.fr\/wp-content\/uploads\/2023\/08\/R-263-1024x768.jpg\" alt=\"\" class=\"wp-image-426\" srcset=\"https:\/\/cs-lagarde.fr\/wp-content\/uploads\/2023\/08\/R-263-1024x768.jpg 1024w, https:\/\/cs-lagarde.fr\/wp-content\/uploads\/2023\/08\/R-263-300x225.jpg 300w, https:\/\/cs-lagarde.fr\/wp-content\/uploads\/2023\/08\/R-263-768x576.jpg 768w, https:\/\/cs-lagarde.fr\/wp-content\/uploads\/2023\/08\/R-263.jpg 1242w\" sizes=\"(max-width: 1024px) 100vw, 1024px\" \/><\/figure>\n<\/figure>\n","protected":false},"excerpt":{"rendered":"<p>Description de la page<\/p>\n","protected":false},"author":1,"featured_media":136,"parent":0,"menu_order":0,"comment_status":"closed","ping_status":"closed","template":"","meta":{"_monsterinsights_skip_tracking":false,"_monsterinsights_sitenote_active":false,"_monsterinsights_sitenote_note":"","_monsterinsights_sitenote_category":0,"_themeisle_gutenberg_block_has_review":false,"footnotes":""},"class_list":["post-122","page","type-page","status-publish","has-post-thumbnail","hentry"],"aioseo_notices":[],"_links":{"self":[{"href":"https:\/\/cs-lagarde.fr\/index.php?rest_route=\/wp\/v2\/pages\/122","targetHints":{"allow":["GET"]}}],"collection":[{"href":"https:\/\/cs-lagarde.fr\/index.php?rest_route=\/wp\/v2\/pages"}],"about":[{"href":"https:\/\/cs-lagarde.fr\/index.php?rest_route=\/wp\/v2\/types\/page"}],"author":[{"embeddable":true,"href":"https:\/\/cs-lagarde.fr\/index.php?rest_route=\/wp\/v2\/users\/1"}],"replies":[{"embeddable":true,"href":"https:\/\/cs-lagarde.fr\/index.php?rest_route=%2Fwp%2Fv2%2Fcomments&post=122"}],"version-history":[{"count":7,"href":"https:\/\/cs-lagarde.fr\/index.php?rest_route=\/wp\/v2\/pages\/122\/revisions"}],"predecessor-version":[{"id":1243,"href":"https:\/\/cs-lagarde.fr\/index.php?rest_route=\/wp\/v2\/pages\/122\/revisions\/1243"}],"wp:featuredmedia":[{"embeddable":true,"href":"https:\/\/cs-lagarde.fr\/index.php?rest_route=\/wp\/v2\/media\/136"}],"wp:attachment":[{"href":"https:\/\/cs-lagarde.fr\/index.php?rest_route=%2Fwp%2Fv2%2Fmedia&parent=122"}],"curies":[{"name":"wp","href":"https:\/\/api.w.org\/{rel}","templated":true}]}}