{"id":119,"date":"2023-07-25T09:40:15","date_gmt":"2023-07-25T07:40:15","guid":{"rendered":"https:\/\/cs-lagarde.fr\/?page_id=119"},"modified":"2025-03-25T18:09:49","modified_gmt":"2025-03-25T17:09:49","slug":"enfance","status":"publish","type":"page","link":"https:\/\/cs-lagarde.fr\/?page_id=119","title":{"rendered":"Enfance"},"content":{"rendered":"\n<p class=\"has-medium-font-size\">Le secteur enfance se veut \u00eatre un lieu \u00e9ducatif compl\u00e9mentaire aux espaces d\u2019apprentissage que repr\u00e9sentent la famille et l\u2019\u00e9cole. Nous souhaitons accompagner des enfants et des jeunes dans l\u2019apprentissage de la citoyennet\u00e9 en favorisant leurs rapports&nbsp;:<\/p>\n\n\n\n<ul class=\"wp-block-list\">\n<li class=\"has-medium-font-size\">Avec eux-m\u00eames (d\u00e9veloppement de la personnalit\u00e9, estime de soi, confiance en soi, esprit critique, autonomie, prise d\u2019initiative\u2026).<\/li>\n\n\n\n<li class=\"has-medium-font-size\">Avec les autres (apprentissage des r\u00e8gles de vie collectives et du civisme, rep\u00e9rage des limites, confrontation de la diff\u00e9rence, ouverture \u00e0 l\u2019autre, partage de valeurs collectives de tol\u00e9rance, de solidarit\u00e9, d\u2019entraide, de respect&#8230;).<\/li>\n\n\n\n<li class=\"has-medium-font-size\">Avec leur environnement proche (d\u00e9couverte de son quartier, de sa ville, son d\u00e9partement, apprentissage \u00e0 la mobilit\u00e9, \u00e0 s\u2019orienter, se rep\u00e9rer au-del\u00e0 de son lieu de r\u00e9sidence\u2026)<\/li>\n\n\n\n<li class=\"has-medium-font-size\">Avec le monde (\u00e9changes culturels, prise de conscience des probl\u00e8mes de l\u2019environnement, des enjeux majeurs de notre soci\u00e9t\u00e9, des interactions individu\/groupe et local\/mondial\u2026).<\/li>\n<\/ul>\n\n\n\n<p><\/p>\n\n\n\n<p class=\"has-luminous-vivid-orange-color has-text-color has-medium-font-size\"><strong>Accueil Collectif de Mineurs (Centre de Loisirs) :<\/strong><\/p>\n\n\n\n<p class=\"has-medium-font-size\">La vocation principale de l\u2019accueil de loisirs est d\u2019\u00eatre un espace d\u2019initiatives, d\u2019apprentissages, d\u2019exp\u00e9rimentations d\u2019animation collective, un lieu stimulant d\u2019\u00e9ducation du vivre ensemble. L\u2019ACM fonctionne en extrascolaire et en p\u00e9riscolaire :<\/p>\n\n\n\n<ul class=\"wp-block-list\">\n<li class=\"has-medium-font-size\">Les mercredis et les vacances (Hiver, P\u00e2ques, \u00c9t\u00e9 et Toussaint) de 8h30 \u00e0 18h00.\u00a0\u00a0<\/li>\n\n\n\n<li class=\"has-medium-font-size\"><strong>Ludo&rsquo;enjeux<\/strong> les mardis pour les 3\/6 ans et les vendredis pour les 6\/10 ans de 17h \u00e0 18h Temps d&rsquo;accueil parents\/enfants autour des jeux de soci\u00e9t\u00e9. Possibilit\u00e9 de pr\u00eat de jeux.  <\/li>\n\n\n\n<li class=\"has-medium-font-size\"><strong>Ludo&rsquo;minots<\/strong> Les lundis, mardis, jeudis et vendredis de 16h20 \u00e0 18h00 en partenariat avec l&rsquo;\u00e9cole maternelle La Garde<\/li>\n<\/ul>\n\n\n\n<p><\/p>\n\n\n\n<ul class=\"wp-block-list\">\n<li class=\"has-medium-font-size\"><em>Contact :<\/em> SAN Nicolas Muriel &amp; LAJILI Laila, <a href=\"mailto:alshlagarde@gmail.com\" title=\"\"><em>alshlagarde@gmail.com<\/em><\/a> <\/li>\n<\/ul>\n\n\n\n<figure class=\"wp-block-gallery has-nested-images columns-default is-cropped wp-block-gallery-1 is-layout-flex wp-block-gallery-is-layout-flex\">\n<figure class=\"wp-block-image size-large\"><img fetchpriority=\"high\" decoding=\"async\" width=\"1024\" height=\"768\" data-id=\"392\" src=\"https:\/\/cs-lagarde.fr\/wp-content\/uploads\/2023\/08\/ACM-Enfants-1024x768.jpeg\" alt=\"\" class=\"wp-image-392\" srcset=\"https:\/\/cs-lagarde.fr\/wp-content\/uploads\/2023\/08\/ACM-Enfants-1024x768.jpeg 1024w, https:\/\/cs-lagarde.fr\/wp-content\/uploads\/2023\/08\/ACM-Enfants-300x225.jpeg 300w, https:\/\/cs-lagarde.fr\/wp-content\/uploads\/2023\/08\/ACM-Enfants-768x576.jpeg 768w, https:\/\/cs-lagarde.fr\/wp-content\/uploads\/2023\/08\/ACM-Enfants-1536x1152.jpeg 1536w, https:\/\/cs-lagarde.fr\/wp-content\/uploads\/2023\/08\/ACM-Enfants-2048x1536.jpeg 2048w\" sizes=\"(max-width: 1024px) 100vw, 1024px\" \/><\/figure>\n\n\n\n<figure class=\"wp-block-image size-large\"><img decoding=\"async\" width=\"1024\" height=\"768\" data-id=\"391\" src=\"https:\/\/cs-lagarde.fr\/wp-content\/uploads\/2023\/08\/ACM-Enfants-1-1024x768.jpeg\" alt=\"\" class=\"wp-image-391\" srcset=\"https:\/\/cs-lagarde.fr\/wp-content\/uploads\/2023\/08\/ACM-Enfants-1-1024x768.jpeg 1024w, https:\/\/cs-lagarde.fr\/wp-content\/uploads\/2023\/08\/ACM-Enfants-1-300x225.jpeg 300w, https:\/\/cs-lagarde.fr\/wp-content\/uploads\/2023\/08\/ACM-Enfants-1-768x576.jpeg 768w, https:\/\/cs-lagarde.fr\/wp-content\/uploads\/2023\/08\/ACM-Enfants-1-1536x1152.jpeg 1536w, https:\/\/cs-lagarde.fr\/wp-content\/uploads\/2023\/08\/ACM-Enfants-1-2048x1536.jpeg 2048w\" sizes=\"(max-width: 1024px) 100vw, 1024px\" \/><\/figure>\n\n\n\n<figure class=\"wp-block-image size-large\"><img decoding=\"async\" width=\"720\" height=\"960\" data-id=\"390\" src=\"https:\/\/cs-lagarde.fr\/wp-content\/uploads\/2023\/08\/ACM-Enfants-2.jpeg\" alt=\"\" class=\"wp-image-390\" srcset=\"https:\/\/cs-lagarde.fr\/wp-content\/uploads\/2023\/08\/ACM-Enfants-2.jpeg 720w, https:\/\/cs-lagarde.fr\/wp-content\/uploads\/2023\/08\/ACM-Enfants-2-225x300.jpeg 225w\" sizes=\"(max-width: 720px) 100vw, 720px\" \/><\/figure>\n\n\n\n<figure class=\"wp-block-image size-large\"><img loading=\"lazy\" decoding=\"async\" width=\"960\" height=\"514\" data-id=\"468\" src=\"https:\/\/cs-lagarde.fr\/wp-content\/uploads\/2023\/08\/295869886_1974200562777333_4115408813852741154_n.jpg\" alt=\"\" class=\"wp-image-468\" srcset=\"https:\/\/cs-lagarde.fr\/wp-content\/uploads\/2023\/08\/295869886_1974200562777333_4115408813852741154_n.jpg 960w, https:\/\/cs-lagarde.fr\/wp-content\/uploads\/2023\/08\/295869886_1974200562777333_4115408813852741154_n-300x161.jpg 300w, https:\/\/cs-lagarde.fr\/wp-content\/uploads\/2023\/08\/295869886_1974200562777333_4115408813852741154_n-768x411.jpg 768w\" sizes=\"(max-width: 960px) 100vw, 960px\" \/><\/figure>\n\n\n\n<figure class=\"wp-block-image size-large\"><img loading=\"lazy\" decoding=\"async\" width=\"1024\" height=\"578\" data-id=\"470\" src=\"https:\/\/cs-lagarde.fr\/wp-content\/uploads\/2023\/08\/16300472_608037586060311_2614481889852162217_o-1024x578.jpg\" alt=\"\" class=\"wp-image-470\" srcset=\"https:\/\/cs-lagarde.fr\/wp-content\/uploads\/2023\/08\/16300472_608037586060311_2614481889852162217_o-1024x578.jpg 1024w, https:\/\/cs-lagarde.fr\/wp-content\/uploads\/2023\/08\/16300472_608037586060311_2614481889852162217_o-300x169.jpg 300w, https:\/\/cs-lagarde.fr\/wp-content\/uploads\/2023\/08\/16300472_608037586060311_2614481889852162217_o-768x434.jpg 768w, https:\/\/cs-lagarde.fr\/wp-content\/uploads\/2023\/08\/16300472_608037586060311_2614481889852162217_o-1536x867.jpg 1536w, https:\/\/cs-lagarde.fr\/wp-content\/uploads\/2023\/08\/16300472_608037586060311_2614481889852162217_o.jpg 2048w\" sizes=\"(max-width: 1024px) 100vw, 1024px\" \/><\/figure>\n\n\n\n<figure class=\"wp-block-image size-large\"><img loading=\"lazy\" decoding=\"async\" width=\"960\" height=\"540\" data-id=\"469\" src=\"https:\/\/cs-lagarde.fr\/wp-content\/uploads\/2023\/08\/294858451_1970662099797846_8561302190442598083_n.jpg\" alt=\"\" class=\"wp-image-469\" srcset=\"https:\/\/cs-lagarde.fr\/wp-content\/uploads\/2023\/08\/294858451_1970662099797846_8561302190442598083_n.jpg 960w, https:\/\/cs-lagarde.fr\/wp-content\/uploads\/2023\/08\/294858451_1970662099797846_8561302190442598083_n-300x169.jpg 300w, https:\/\/cs-lagarde.fr\/wp-content\/uploads\/2023\/08\/294858451_1970662099797846_8561302190442598083_n-768x432.jpg 768w\" sizes=\"(max-width: 960px) 100vw, 960px\" \/><\/figure>\n<\/figure>\n","protected":false},"excerpt":{"rendered":"<p>Description de la page<\/p>\n","protected":false},"author":1,"featured_media":469,"parent":0,"menu_order":0,"comment_status":"closed","ping_status":"closed","template":"","meta":{"_monsterinsights_skip_tracking":false,"_monsterinsights_sitenote_active":false,"_monsterinsights_sitenote_note":"","_monsterinsights_sitenote_category":0,"_themeisle_gutenberg_block_has_review":false,"footnotes":""},"class_list":["post-119","page","type-page","status-publish","has-post-thumbnail","hentry"],"aioseo_notices":[],"_links":{"self":[{"href":"https:\/\/cs-lagarde.fr\/index.php?rest_route=\/wp\/v2\/pages\/119","targetHints":{"allow":["GET"]}}],"collection":[{"href":"https:\/\/cs-lagarde.fr\/index.php?rest_route=\/wp\/v2\/pages"}],"about":[{"href":"https:\/\/cs-lagarde.fr\/index.php?rest_route=\/wp\/v2\/types\/page"}],"author":[{"embeddable":true,"href":"https:\/\/cs-lagarde.fr\/index.php?rest_route=\/wp\/v2\/users\/1"}],"replies":[{"embeddable":true,"href":"https:\/\/cs-lagarde.fr\/index.php?rest_route=%2Fwp%2Fv2%2Fcomments&post=119"}],"version-history":[{"count":7,"href":"https:\/\/cs-lagarde.fr\/index.php?rest_route=\/wp\/v2\/pages\/119\/revisions"}],"predecessor-version":[{"id":1248,"href":"https:\/\/cs-lagarde.fr\/index.php?rest_route=\/wp\/v2\/pages\/119\/revisions\/1248"}],"wp:featuredmedia":[{"embeddable":true,"href":"https:\/\/cs-lagarde.fr\/index.php?rest_route=\/wp\/v2\/media\/469"}],"wp:attachment":[{"href":"https:\/\/cs-lagarde.fr\/index.php?rest_route=%2Fwp%2Fv2%2Fmedia&parent=119"}],"curies":[{"name":"wp","href":"https:\/\/api.w.org\/{rel}","templated":true}]}}